{"id":10390,"date":"2025-10-23T10:22:29","date_gmt":"2025-10-23T10:22:29","guid":{"rendered":"https:\/\/international.ase.ro\/21\/?page_id=10390"},"modified":"2025-10-31T07:34:15","modified_gmt":"2025-10-31T07:34:15","slug":"ase-universitate-integrata-international-cod-proiect-mysmis-2021-338687","status":"publish","type":"page","link":"https:\/\/international.ase.ro\/21\/ase-universitate-integrata-international-cod-proiect-mysmis-2021-338687\/","title":{"rendered":"ASE &#8211; Universitate integrat\u0103 interna\u021bional &#8211; cod proiect MySMIS 2021 +:  338687"},"content":{"rendered":"<div class=\"fusion-fullwidth fullwidth-box fusion-builder-row-1 fusion-flex-container nonhundred-percent-fullwidth non-hundred-percent-height-scrolling\" style=\"--awb-border-radius-top-left:0px;--awb-border-radius-top-right:0px;--awb-border-radius-bottom-right:0px;--awb-border-radius-bottom-left:0px;--awb-flex-wrap:wrap;\" ><div class=\"fusion-builder-row fusion-row fusion-flex-align-items-flex-start fusion-flex-content-wrap\" style=\"max-width:calc( 1280px + 0px );margin-left: calc(-0px \/ 2 );margin-right: calc(-0px \/ 2 );\"><div class=\"fusion-layout-column fusion_builder_column fusion-builder-column-0 fusion_builder_column_1_1 1_1 fusion-flex-column\" style=\"--awb-bg-size:cover;--awb-width-large:100%;--awb-margin-top-large:0px;--awb-spacing-right-large:0px;--awb-margin-bottom-large:0px;--awb-spacing-left-large:0px;--awb-width-medium:100%;--awb-spacing-right-medium:0px;--awb-spacing-left-medium:0px;--awb-width-small:100%;--awb-spacing-right-small:0px;--awb-spacing-left-small:0px;\"><div class=\"fusion-column-wrapper fusion-flex-justify-content-flex-start fusion-content-layout-column\"><div class=\"fusion-text fusion-text-1\"><p style=\"text-align: center;\"><a href=\"https:\/\/international.ase.ro\/21\/screenshot-2025-10-30-124756\/\" rel=\"attachment wp-att-10459\"><img decoding=\"async\" class=\"lazyload alignnone size-full wp-image-10459\" src=\"https:\/\/international.ase.ro\/21\/wp-content\/uploads\/2025\/10\/Screenshot-2025-10-30-124756.png\" data-orig-src=\"https:\/\/international.ase.ro\/21\/wp-content\/uploads\/2025\/10\/Screenshot-2025-10-30-124756.png\" alt=\"\" width=\"948\" height=\"148\" srcset=\"data:image\/svg+xml,%3Csvg%20xmlns%3D%27http%3A%2F%2Fwww.w3.org%2F2000%2Fsvg%27%20width%3D%27948%27%20height%3D%27148%27%20viewBox%3D%270%200%20948%20148%27%3E%3Crect%20width%3D%27948%27%20height%3D%27148%27%20fill-opacity%3D%220%22%2F%3E%3C%2Fsvg%3E\" data-srcset=\"https:\/\/international.ase.ro\/21\/wp-content\/uploads\/2025\/10\/Screenshot-2025-10-30-124756-200x31.png 200w, https:\/\/international.ase.ro\/21\/wp-content\/uploads\/2025\/10\/Screenshot-2025-10-30-124756-300x47.png 300w, https:\/\/international.ase.ro\/21\/wp-content\/uploads\/2025\/10\/Screenshot-2025-10-30-124756-400x62.png 400w, https:\/\/international.ase.ro\/21\/wp-content\/uploads\/2025\/10\/Screenshot-2025-10-30-124756-600x94.png 600w, https:\/\/international.ase.ro\/21\/wp-content\/uploads\/2025\/10\/Screenshot-2025-10-30-124756-768x120.png 768w, https:\/\/international.ase.ro\/21\/wp-content\/uploads\/2025\/10\/Screenshot-2025-10-30-124756-800x125.png 800w, https:\/\/international.ase.ro\/21\/wp-content\/uploads\/2025\/10\/Screenshot-2025-10-30-124756-940x148.png 940w, https:\/\/international.ase.ro\/21\/wp-content\/uploads\/2025\/10\/Screenshot-2025-10-30-124756.png 948w\" data-sizes=\"auto\" data-orig-sizes=\"(max-width: 948px) 100vw, 948px\" \/><\/a><\/p>\n<\/div><div class=\"fusion-content-boxes content-boxes columns row fusion-columns-1 fusion-columns-total-2 fusion-content-boxes-1 content-boxes-icon-with-title content-left\" style=\"--awb-hover-accent-color:#1a80b6;--awb-circle-hover-accent-color:#1a80b6;--awb-item-margin-bottom:40px;\" data-animationOffset=\"top-into-view\"><div style=\"--awb-backgroundcolor:transparent;\" class=\"fusion-column content-box-column content-box-column content-box-column-1 col-lg-12 col-md-12 col-sm-12 fusion-content-box-hover content-box-column-last-in-row\"><div class=\"col content-box-wrapper content-wrapper link-area-box icon-hover-animation-slide\" data-animationOffset=\"top-into-view\"><div class=\"heading icon-left\"><h2 class=\"content-box-heading fusion-responsive-typography-calculated\" style=\"--h2_typography-font-size:15px;--fontSize:15;line-height:3.33;\"><br \/><\/h2><\/div><div class=\"fusion-clearfix\"><\/div><div class=\"content-container\">\n<h1 style=\"text-align: center;\"><strong>ASE Bucure\u0219ti lanseaz\u0103 proiectul<\/strong><\/h1>\n<h2 style=\"text-align: center;\"><strong>\u201eASE \u2013 Universitate integrat\u0103 interna\u021bional\u201d<\/strong><\/h2>\n<h2 style=\"text-align: center;\"><strong>pentru promovarea incluziunii \u0219i mobilit\u0103\u021bilor interna\u021bionale<\/strong><\/h2>\n<h2 style=\"text-align: center;\"><strong>\u00a0<\/strong><\/h2>\n<p><strong>Bucure\u0219ti, 29 octombrie 2025<\/strong> \u2013 Academia de Studii Economice din Bucure\u0219ti (ASE) anun\u021b\u0103 lansarea proiectului \u201eASE \u2013 Universitate integrat\u0103 interna\u021bional\u201d, cod SMIS 2021+: 338687, finan\u021bat prin Programul Educa\u021bie \u0219i Ocupare 2021-2027. Proiectul, cu o durat\u0103 de implementare de 36 de luni, vizeaz\u0103 cre\u0219terea calit\u0103\u021bii ofertei educa\u021bionale prin facilitarea accesului la mobilit\u0103\u021bi interna\u021bionale pentru studen\u021bii cu oportunit\u0103\u021bi reduse, contribuind la echitatea sistemului educa\u021bional \u0219i adaptarea acestuia la cerin\u021bele pie\u021bei muncii dinamice, marcat\u0103 de inova\u021bie \u0219i progres tehnologic.<\/p>\n<p><strong>Obiectivul general: Incluziune \u0219i excelen\u021b\u0103 academic\u0103<\/strong><\/p>\n<p>Proiectul \u00ee\u0219i propune s\u0103 dep\u0103\u0219easc\u0103 barierele financiare, lingvistice \u0219i sociale care limiteaz\u0103 participarea studen\u021bilor vulnerabili la programe de mobilitate interna\u021bional\u0103, precum Erasmus+. Prin burse suplimentare si sesiuni de consiliere personalizat\u0103, ini\u021biativa va sprijini 60 de studen\u021bi \u00een ob\u021binerea de competen\u021be interculturale \u0219i profesionale esen\u021biale pentru succesul \u00een carier\u0103. Pe l\u00e2ng\u0103 acestea, proiectul va consolida parteneriate interna\u021bionale \u0219i va facilita schimbul de bune practici \u00eentre universit\u0103\u021bi europene, cre\u00e2nd un ecosistem academic mai diversificat \u0219i inovator.<\/p>\n<p>Prin acest proiect, ASE Bucure\u0219ti reafirm\u0103 angajamentul s\u0103u fa\u021b\u0103 de educa\u021bie incluziv\u0103 \u0219i sustenabil\u0103. Ne dorim s\u0103 transform\u0103m obstacolele \u00een oportunit\u0103\u021bi, permi\u021b\u00e2nd tinerilor talenta\u021bi din medii defavorizate s\u0103 devin\u0103 lideri globali \u00een economie \u0219i afaceri.<\/p>\n<p><strong>Obiective specifice: M\u0103suri concrete pentru impact maxim<\/strong><\/p>\n<p>Proiectul se structureaz\u0103 pe patru obiective specifice, concepute pentru a asigura transparen\u021b\u0103, sustenabilitate \u0219i vizibilitate:<\/p>\n<ul>\n<li><strong>OS1<\/strong>: Implementarea unui proces clar \u0219i echitabil de selec\u021bie \u0219i alocare a burselor de sprijin, bazat pe criterii de eligibilitate riguroase, pentru a identifica \u0219i sprijini studen\u021bii din grupul \u021bint\u0103.<\/li>\n<li><strong>OS2<\/strong>: Furnizarea de ghidaj post-selec\u021bie, adaptare personalizat\u0103 a sprijinului, monitorizare continu\u0103 a progresului academic \u0219i personal, precum \u0219i evaluarea impactului burselor asupra dezvolt\u0103rii beneficiarilor.<\/li>\n<li><strong>OS3<\/strong>: Dezvoltarea unei campanii ample de promovare \u0219i informare, pentru a asigura accesul la oportunit\u0103\u021bi al studen\u021bilor eligibili din \u00eentreaga comunitate academic\u0103 ASE.<\/li>\n<li><strong>OS4<\/strong>: Organizarea de vizite de studiu la universit\u0103\u021bi partenere, pentru facilitarea schimbului de bune practici \u00een domeniul mobilit\u0103\u021bilor interna\u021bionale \u0219i incluziunii.<\/li>\n<\/ul>\n<p><strong>Buget proiect: 1.523.824,31 RON<\/strong>, din care valoarea cofinan\u021b\u0103rii UE 1.493.347,81 RON.<\/p>\n<p><strong>Grupul \u021bint\u0103: 60 de studen\u021bi cu oportunit\u0103\u021bi reduse<\/strong><\/p>\n<p>Beneficiarii direc\u021bi sunt 60 de studen\u021bi \u00eenmatricula\u021bi la ciclurile de licen\u021b\u0103, masterat sau doctorat la ASE Bucure\u0219ti, cu v\u00e2rsta \u00eentre 18 \u0219i 29 de ani, domicilia\u021bi \u00een Regiunea Bucure\u0219ti-Ilfov. Pentru a fi inclu\u0219i \u00een grupul \u021bint\u0103 studen\u021bii str\u0103ini \u00eenmatricula\u021bi ASE trebuie s\u0103 aib\u0103 pe durata studiilor, reziden\u021ba \u00een Regiunea Bucure\u0219ti-Ilfov.<\/p>\n<p>Cei 60 de studen\u021bi cu oportunit\u0103\u021bi reduse vor primi o burs\u0103 suplimentar\u0103 (top-up) de 500 euro\/lun\u0103, finan\u021bat\u0103 prin Fondul Social European Plus (FSE+), pentru mobilit\u0103\u021bi fizice de lung\u0103 durat\u0103 (2\u201312 luni), ca sprijin complementar grantului Erasmus+.<\/p>\n<p>Sunt eligibili studen\u021bii<\/p>\n<ul>\n<li>beneficiari sau eligibili pentru burse sociale;<\/li>\n<li>\u201ePrimul student din familie\u201d (f\u0103r\u0103 diplom\u0103 de licen\u021b\u0103 proprie sau parental\u0103);<\/li>\n<li>P\u0103rin\u021bi singuri care cresc copii minori;<\/li>\n<li>Migran\u021bi sau refugia\u021bi.<\/li>\n<\/ul>\n<p>Bursa se acord\u0103 o singur\u0103 dat\u0103, indiferent de num\u0103rul mobilit\u0103\u021bilor Erasmus+ realizate pe perioada proiectului.<\/p>\n<p><strong>Impact pe termen lung: O societate mai echitabil\u0103 \u0219i inovatoare<\/strong><\/p>\n<p>Pe l\u00e2ng\u0103 \u00eembun\u0103t\u0103\u021birea accesului la educa\u021bie de calitate, proiectul va genera efecte pozitive durabile: cre\u0219terea incluziunii sociale \u0219i profesionale, sporirea \u0219anselor de angajare a beneficiarilor \u0219i stimularea unui mediu academic diversificat. Prin promovarea tranzi\u021biei spre economia verde \u0219i inova\u021bie, ini\u021biativa aliniaz\u0103 educa\u021bia superioar\u0103 cu provoc\u0103rile globale, contribuind la o Europ\u0103 mai competitiv\u0103 \u0219i inclusiv\u0103.<\/p>\n<p>Pentru mai multe detalii despre proiect, inclusiv criteriile de eligibilitate \u0219i calendarul de selec\u021bie, vizita\u021bi site-ul oficial al ASE Bucure\u0219ti la adresa <a href=\"https:\/\/international.ase.ro\/21\/ase-universitate-integrata-international-cod-proiect-mysmis-2021-338687\/\">https:\/\/international.ase.ro\/21\/ase-universitate-integrata-international-cod-proiect-mysmis-2021-338687\/<\/a> \u00a0sau contacta\u021bi Serviciul Erasmus+ la email: <a href=\"mailto:erasmus@ase.ro\">erasmus@ase.ro<\/a>.<\/p>\n<p><strong>Despre Academia de Studii Economice din Bucure\u0219ti<\/strong> ASE este una dintre cele mai prestigioase institu\u021bii de \u00eenv\u0103\u021b\u0103m\u00e2nt superior economic din Rom\u00e2nia, cu peste 100 de ani de tradi\u021bie \u00een formarea de lideri \u00een domeniile economiei, afacerilor \u0219i administra\u021biei publice. Prin programe acreditate interna\u021bional \u0219i parteneriate globale, ASE preg\u0103te\u0219te genera\u021bii de absolven\u021bi pentru o lume interconectat\u0103 \u0219i sustenabil\u0103.<\/p>\n<p><strong>Pentru informa\u021bii suplimentare:<\/strong><\/p>\n<p>Dr. Teodora Fulga, Manager de proiect<\/p>\n<p>Email <a href=\"mailto:teodora.fulga@amp.ase.ro\">teodora.fulga@amp.ase.ro<\/a>, Tel: 021 319 19 10<\/p>\n<\/div><\/div><\/div><div style=\"--awb-backgroundcolor:transparent;\" class=\"fusion-column content-box-column content-box-column content-box-column-2 col-lg-12 col-md-12 col-sm-12 fusion-content-box-hover content-box-column-last content-box-column-last-in-row\"><div class=\"col content-box-wrapper content-wrapper link-area-box icon-hover-animation-slide\" data-animationOffset=\"top-into-view\"><div class=\"heading icon-left\"><h2 class=\"content-box-heading fusion-responsive-typography-calculated\" style=\"--h2_typography-font-size:15px;--fontSize:15;line-height:3.33;\"><br \/><\/h2><\/div><div class=\"fusion-clearfix\"><\/div><div class=\"content-container\">\n<p style=\"text-align: center;\"><i>Pentru informa\u021bii detaliate despre celelalte programe cofinan\u021bate de Uniunea European\u0103, v\u0103 invit\u0103m s\u0103 vizita\u021bi\u00a0<a href=\"http:\/\/www.mfe.gov.ro\/\" target=\"_blank\" rel=\"noopener\" data-saferedirecturl=\"https:\/\/www.google.com\/url?q=http:\/\/www.mfe.gov.ro&amp;source=gmail&amp;ust=1761907108329000&amp;usg=AOvVaw2EXtX16dzvIOMrCrl_IVWK\">www.mfe.gov.ro<\/a><\/i><\/p>\n<\/div><\/div><\/div><div class=\"fusion-clearfix\"><\/div><\/div><\/div><\/div><\/div><\/div>\n","protected":false},"excerpt":{"rendered":"","protected":false},"author":1,"featured_media":0,"parent":0,"menu_order":0,"comment_status":"closed","ping_status":"closed","template":"","meta":{"footnotes":""},"class_list":["post-10390","page","type-page","status-publish","hentry"],"_links":{"self":[{"href":"https:\/\/international.ase.ro\/21\/wp-json\/wp\/v2\/pages\/10390","targetHints":{"allow":["GET"]}}],"collection":[{"href":"https:\/\/international.ase.ro\/21\/wp-json\/wp\/v2\/pages"}],"about":[{"href":"https:\/\/international.ase.ro\/21\/wp-json\/wp\/v2\/types\/page"}],"author":[{"embeddable":true,"href":"https:\/\/international.ase.ro\/21\/wp-json\/wp\/v2\/users\/1"}],"replies":[{"embeddable":true,"href":"https:\/\/international.ase.ro\/21\/wp-json\/wp\/v2\/comments?post=10390"}],"version-history":[{"count":6,"href":"https:\/\/international.ase.ro\/21\/wp-json\/wp\/v2\/pages\/10390\/revisions"}],"predecessor-version":[{"id":10464,"href":"https:\/\/international.ase.ro\/21\/wp-json\/wp\/v2\/pages\/10390\/revisions\/10464"}],"wp:attachment":[{"href":"https:\/\/international.ase.ro\/21\/wp-json\/wp\/v2\/media?parent=10390"}],"curies":[{"name":"wp","href":"https:\/\/api.w.org\/{rel}","templated":true}]}}