{"id":2432,"date":"2021-02-17T09:49:39","date_gmt":"2021-02-17T09:49:39","guid":{"rendered":"http:\/\/international.ase.ro\/21\/?page_id=2432"},"modified":"2026-02-16T14:46:42","modified_gmt":"2026-02-16T14:46:42","slug":"admission-for-eu-eea-swiss-citzen","status":"publish","type":"page","link":"https:\/\/international.ase.ro\/21\/admission-for-eu-eea-swiss-citzen\/","title":{"rendered":"Admission for EU, EEA, Swiss Citzens, Refugees and political asylum beneficiaries"},"content":{"rendered":"<p><div class=\"fusion-fullwidth fullwidth-box fusion-builder-row-1 fusion-flex-container nonhundred-percent-fullwidth non-hundred-percent-height-scrolling\" style=\"--awb-border-radius-top-left:0px;--awb-border-radius-top-right:0px;--awb-border-radius-bottom-right:0px;--awb-border-radius-bottom-left:0px;--awb-margin-top:-6%;--awb-flex-wrap:wrap;\" ><div class=\"fusion-builder-row fusion-row fusion-flex-align-items-flex-start fusion-flex-content-wrap\" style=\"max-width:1331.2px;margin-left: calc(-4% \/ 2 );margin-right: calc(-4% \/ 2 );\"><div class=\"fusion-layout-column fusion_builder_column fusion-builder-column-0 fusion_builder_column_1_1 1_1 fusion-flex-column\" style=\"--awb-bg-size:cover;--awb-width-large:100%;--awb-margin-top-large:10px;--awb-spacing-right-large:1.92%;--awb-margin-bottom-large:10px;--awb-spacing-left-large:1.92%;--awb-width-medium:100%;--awb-order-medium:0;--awb-spacing-right-medium:1.92%;--awb-spacing-left-medium:1.92%;--awb-width-small:100%;--awb-order-small:0;--awb-spacing-right-small:1.92%;--awb-spacing-left-small:1.92%;\"><div class=\"fusion-column-wrapper fusion-column-has-shadow fusion-flex-justify-content-flex-start fusion-content-layout-column\"><div class=\"fusion-content-boxes content-boxes columns row fusion-columns-3 fusion-columns-total-3 fusion-content-boxes-1 content-boxes-icon-on-top content-left\" style=\"--awb-hover-accent-color:#386aaf;--awb-circle-hover-accent-color:#386aaf;\" data-animationOffset=\"top-into-view\"><div style=\"--awb-backgroundcolor:transparent;\" class=\"fusion-column content-box-column content-box-column content-box-column-1 col-lg-4 col-md-4 col-sm-4 fusion-content-box-hover content-box-column-first-in-row\"><div class=\"col content-box-wrapper content-wrapper link-area-box link-type-text icon-hover-animation-slide\" data-link=\"https:\/\/international.ase.ro\/21\/index.php\/admission-process-for-eu-bachelor\/\" data-link-target=\"_self\" data-animationOffset=\"top-into-view\"><div class=\"heading heading-with-icon icon-left\"><a class=\"heading-link\" href=\"https:\/\/international.ase.ro\/21\/index.php\/admission-process-for-eu-bachelor\/\" target=\"_self\"><div class=\"icon\"><i style=\"border-color:#333c4e;border-width:1px;background-color:#333c4e;box-sizing:content-box;height:100px;width:100px;line-height:100px;border-radius:50%;font-size:50px;\" aria-hidden=\"true\" class=\"fontawesome-icon fa-chalkboard-teacher fas circle-yes\"><\/i><\/div><h2 class=\"content-box-heading fusion-responsive-typography-calculated\" style=\"--h2_typography-font-size:15px;--fontSize:15;line-height:3.33;\">Admission Process<\/h2><\/a><\/div><div class=\"fusion-clearfix\"><\/div><a class=\" fusion-read-more\" href=\"https:\/\/international.ase.ro\/21\/index.php\/admission-process-for-eu-bachelor\/\" target=\"_self\">Read More<\/a><div class=\"fusion-clearfix\"><\/div><\/div><\/div><div style=\"--awb-backgroundcolor:transparent;\" class=\"fusion-column content-box-column content-box-column content-box-column-2 col-lg-4 col-md-4 col-sm-4 fusion-content-box-hover \"><div class=\"col content-box-wrapper content-wrapper link-area-box link-type-text icon-hover-animation-slide\" data-link=\"https:\/\/international.ase.ro\/21\/index.php\/admission-schedule\/\" data-link-target=\"_self\" data-animationOffset=\"top-into-view\"><div class=\"heading heading-with-icon icon-left\"><a class=\"heading-link\" href=\"https:\/\/international.ase.ro\/21\/index.php\/admission-schedule\/\" target=\"_self\"><div class=\"icon\"><i style=\"border-color:#333c4e;border-width:1px;background-color:#333c4e;box-sizing:content-box;height:100px;width:100px;line-height:100px;border-radius:50%;font-size:50px;\" aria-hidden=\"true\" class=\"fontawesome-icon fa-calendar-alt fas circle-yes\"><\/i><\/div><h2 class=\"content-box-heading fusion-responsive-typography-calculated\" style=\"--h2_typography-font-size:15px;--fontSize:15;line-height:3.33;\"> Admission schedule<\/h2><\/a><\/div><div class=\"fusion-clearfix\"><\/div><a class=\" fusion-read-more\" href=\"https:\/\/international.ase.ro\/21\/index.php\/admission-schedule\/\" target=\"_self\">Read more<\/a><div class=\"fusion-clearfix\"><\/div><\/div><\/div><div style=\"--awb-backgroundcolor:transparent;\" class=\"fusion-column content-box-column content-box-column content-box-column-3 col-lg-4 col-md-4 col-sm-4 fusion-content-box-hover content-box-column-last content-box-column-last-in-row\"><div class=\"col content-box-wrapper content-wrapper link-area-box link-type-text icon-hover-animation-slide\" data-link=\"https:\/\/international.ase.ro\/21\/index.php\/required-documents-for-eu-bachelor\/\" data-link-target=\"_self\" data-animationOffset=\"top-into-view\"><div class=\"heading heading-with-icon icon-left\"><a class=\"heading-link\" href=\"https:\/\/international.ase.ro\/21\/index.php\/required-documents-for-eu-bachelor\/\" target=\"_self\"><div class=\"icon\"><i style=\"border-color:#333c4e;border-width:1px;background-color:#333c4e;box-sizing:content-box;height:100px;width:100px;line-height:100px;border-radius:50%;font-size:50px;\" aria-hidden=\"true\" class=\"fontawesome-icon fa-folder-open fas circle-yes\"><\/i><\/div><h2 class=\"content-box-heading fusion-responsive-typography-calculated\" style=\"--h2_typography-font-size:15px;--fontSize:15;line-height:3.33;\">Required documents<\/h2><\/a><\/div><div class=\"fusion-clearfix\"><\/div><a class=\" fusion-read-more\" href=\"https:\/\/international.ase.ro\/21\/index.php\/required-documents-for-eu-bachelor\/\" target=\"_self\">Read more<\/a><div class=\"fusion-clearfix\"><\/div><\/div><\/div><div class=\"fusion-clearfix\"><\/div><\/div><\/div><\/div><\/div><\/div><div class=\"fusion-fullwidth fullwidth-box fusion-builder-row-2 fusion-flex-container nonhundred-percent-fullwidth non-hundred-percent-height-scrolling\" style=\"--awb-border-radius-top-left:0px;--awb-border-radius-top-right:0px;--awb-border-radius-bottom-right:0px;--awb-border-radius-bottom-left:0px;--awb-flex-wrap:wrap;\" ><div class=\"fusion-builder-row fusion-row fusion-flex-align-items-flex-start fusion-flex-content-wrap\" style=\"max-width:1331.2px;margin-left: calc(-4% \/ 2 );margin-right: calc(-4% \/ 2 );\"><div class=\"fusion-layout-column fusion_builder_column fusion-builder-column-1 fusion_builder_column_1_1 1_1 fusion-flex-column\" style=\"--awb-bg-size:cover;--awb-width-large:100%;--awb-margin-top-large:-5%;--awb-spacing-right-large:1.92%;--awb-margin-bottom-large:10px;--awb-spacing-left-large:1.92%;--awb-width-medium:100%;--awb-order-medium:0;--awb-spacing-right-medium:1.92%;--awb-spacing-left-medium:1.92%;--awb-width-small:100%;--awb-order-small:0;--awb-spacing-right-small:1.92%;--awb-spacing-left-small:1.92%;\"><div class=\"fusion-column-wrapper fusion-column-has-shadow fusion-flex-justify-content-flex-start fusion-content-layout-column\"><div class=\"fusion-separator\" style=\"align-self: center;margin-left: auto;margin-right: auto;margin-top:10px;margin-bottom:10px;width:100%;max-width:200px;\"><div class=\"fusion-separator-border sep-single sep-solid\" style=\"--awb-height:20px;--awb-amount:20px;--awb-sep-color:#386aaf;border-color:#386aaf;border-top-width:3px;\"><\/div><\/div><div class=\"fusion-text fusion-text-1\"><p style=\"text-align: center;\"><strong>GENERAL INFORMATION<\/strong><\/p>\n<p style=\"text-align: center;\"><strong><a href=\"https:\/\/international.ase.ro\/21\/wp-content\/uploads\/2025\/02\/Admission-Methodology-for-European-Union-member-states-EU-EEA-SC-and-UK.pdf\" target=\"_blank\" rel=\"attachment noopener wp-att-8730\">Admission Methodolgy for EU, EEA, Swiss Confederation Citizens and UK<\/a><\/strong><\/p>\n<p style=\"text-align: justify;\"><span style=\"color: var(--body_typography-color); font-family: var(--body_typography-font-family); font-size: var(--body_typography-font-size); font-style: var(--body_typography-font-style,normal); font-weight: var(--body_typography-font-weight); letter-spacing: var(--body_typography-letter-spacing);\">Candidates who graduated high-school or a bachelor\/master study programme in a European country, other than Romania, must have their study documents recognized and validated by the Romanian National Centre for the Recognition and Validation of Diplomas (CNRED) <\/span><strong style=\"color: var(--body_typography-color); font-family: var(--body_typography-font-family); font-size: var(--body_typography-font-size); font-style: var(--body_typography-font-style,normal); letter-spacing: var(--body_typography-letter-spacing);\"><a href=\"https:\/\/www.cnred.edu.ro\/en\/higher-education\" target=\"_blank\" rel=\"noopener\">https:\/\/www.cnred.edu.ro\/en\/higher-education<\/a><\/strong><span style=\"color: var(--body_typography-color); font-family: var(--body_typography-font-family); font-size: var(--body_typography-font-size); font-style: var(--body_typography-font-style,normal); font-weight: var(--body_typography-font-weight); letter-spacing: var(--body_typography-letter-spacing);\">, department of the Romanian Ministry of Education, as stipulated by the National Law 316\/ 12.07.2006.<\/span><\/p>\n<p style=\"text-align: justify;\">The procedure for the validation and recognition of diplomas must be conducted by the candidate, who needs to submit the necessary files directly to the Ministry of Education.<\/p>\n<p style=\"text-align: justify;\">After the receipt of the recognition\/equivalence certificate, the applicant shall proceed to the registration and admission procedure, in accordance with the ASE\u2019s admission methodology<\/p>\n<p style=\"text-align: justify;\">Foreign citizens from the European Union member states, EEA countries and the Swiss Confederation have the right to enroll to study in Romania under the same conditions as Romanian citizens.<\/p>\n<\/div><div class=\"fusion-separator\" style=\"align-self: center;margin-left: auto;margin-right: auto;margin-top:15px;margin-bottom:15px;width:100%;max-width:200px;\"><div class=\"fusion-separator-border sep-single sep-solid\" style=\"--awb-height:20px;--awb-amount:20px;--awb-sep-color:#386aaf;border-color:#386aaf;border-top-width:3px;\"><\/div><\/div><div class=\"fusion-text fusion-text-2\"><p style=\"text-align: justify;\">Refugees and political asylum beneficiaries who benefit from any form of protection in Romania shall be accepted for studies according to the following principles and regulations:<\/p>\n<ul>\n<li style=\"text-align: justify;\">Law no. 122\/2006, regarding asylum in Romania, where article 20, paragraph (1) letter h stipulated that &#8220;The recognition of the statute of refugee or the provision of protection grants the beneficiary the following rights: access to all forms of education, under the conditions stated by law for Romanian citizens&#8221;.<\/li>\n<li style=\"text-align: justify;\">Ordinance no. 44\/2004, version updated on 12\/06\/2007, regarding the social inclusion of foreigners who obtain some form of protection or the right of residence in Romania, as well as citizens in European Union countries, countries in the European Economic Area, where Section 3, Art. 9 stipulated that &#8220;Access of foreigners who obtain some form of protection in Romania for all forms of education is made under the conditions set by law for Romanian citizens&#8221;.<\/li>\n<\/ul>\n<p style=\"text-align: justify;\">Refugees and beneficiaries of political asylum who obtain some form of protection in Romania shall apply for studies during the admission periods stated for Romanian citizens, provided a Certificate \/ Attestation for the recognition and equivalence of studies graduated abroad is obtained from the National Centre for the Recognition and Equivalence of Diplomas (C.N.R.E.D.).<\/p>\n<\/div><div class=\"fusion-separator\" style=\"align-self: center;margin-left: auto;margin-right: auto;margin-top:15px;margin-bottom:15px;width:100%;max-width:200px;\"><div class=\"fusion-separator-border sep-single sep-solid\" style=\"--awb-height:20px;--awb-amount:20px;--awb-sep-color:#386aaf;border-color:#386aaf;border-top-width:3px;\"><\/div><\/div><div class=\"fusion-text fusion-text-3\"><p style=\"text-align: justify;\">For the full-time studies, there are places funded from the state budget (no tuition fees charged) and places that require a tuition fee. For the distance learning and part-time programs only tuition fee places are available. The study programs &#8211; full\/time, part-time and distance learning &#8211; are organized by faculties.<\/p>\n<ul>\n<li><a href=\"https:\/\/international.ase.ro\/21\/anexa-1_propunere-privind-oferta-educationala-pentru-anul-universitar-2026-2027-studii-universitare-de-licenta-forma-de-invatamant-cu-frecventa-2\/\" rel=\"attachment wp-att-10627\">Anexa 1_PROPUNERE PRIVIND OFERTA EDUCA\u021aIONAL\u0102 PENTRU ANUL UNIVERSITAR 2026-2027 &#8211; STUDII UNIVERSITARE DE LICEN\u0162\u0102, FORMA DE \u00ceNV\u0102\u021a\u0102M\u00c2NT CU FRECVEN\u021a\u0102<\/a><\/li>\n<li><a href=\"https:\/\/international.ase.ro\/21\/anexa-2_propunere-privind-oferta-educationala-pentru-anul-universitar-2026-2027-studii-universitare-de-licenta-la-distanta-si-cu-frecventa-redusa\/\" rel=\"attachment wp-att-10628\">Anexa 2_PROPUNERE PRIVIND OFERTA EDUCA\u021aIONAL\u0102 PENTRU ANUL UNIVERSITAR 2026-2027 \u2013 STUDII UNIVERSITARE DE LICEN\u0162\u0102, LA DISTAN\u021a\u0102 \u0218I CU FRECVEN\u021a\u0102 REDUS\u0102<\/a><\/li>\n<\/ul>\n<p style=\"text-align: justify;\">The admission process is open for high school graduates having a baccalaureate diploma or equivalent, regardless of the year of graduation, provided the high school is accredited according to the legal provisions.<\/p>\n<p style=\"text-align: justify;\">The status of budgeted\/fee paying student is updated after the 1st semester of studies in the 1st year and at the end of each year of studies. The students will be ranked according to their academic performance.<\/p>\n<p style=\"text-align: justify;\">The organisation of the study groups does not take into account the status of the student (budgeted or fee paying).<\/p>\n<p style=\"text-align: justify;\">The scholarships, aids and other facilities are available in conformity with legal provisions. ASE provides admitted applicants with accommodation on campus depending on their academic performance.<\/p>\n<p style=\"text-align: justify;\">The applicants who have previously benefited from the state budget financing for bachelor\u2019s studies may benefit of a budgeted place at ASE only for the remaining period of studies out of the regular three years. <b>The students who want to be considered for a budgeted place by redistribution will have to register their original baccalaureate diploma\/equivalent at the faculty by the end of the 1st semester of the 1st academic year.<\/b><\/p>\n<\/div><\/div><\/div><\/div><\/div><div class=\"fusion-fullwidth fullwidth-box fusion-builder-row-3 fusion-flex-container nonhundred-percent-fullwidth non-hundred-percent-height-scrolling\" style=\"--awb-border-radius-top-left:0px;--awb-border-radius-top-right:0px;--awb-border-radius-bottom-right:0px;--awb-border-radius-bottom-left:0px;--awb-flex-wrap:wrap;\" ><div class=\"fusion-builder-row fusion-row fusion-flex-align-items-flex-start fusion-flex-content-wrap\" style=\"max-width:1331.2px;margin-left: calc(-4% \/ 2 );margin-right: calc(-4% \/ 2 );\"><div class=\"fusion-layout-column fusion_builder_column fusion-builder-column-2 fusion_builder_column_1_1 1_1 fusion-flex-column\" style=\"--awb-bg-size:cover;--awb-width-large:100%;--awb-margin-top-large:10px;--awb-spacing-right-large:1.92%;--awb-margin-bottom-large:10px;--awb-spacing-left-large:1.92%;--awb-width-medium:100%;--awb-order-medium:0;--awb-spacing-right-medium:1.92%;--awb-spacing-left-medium:1.92%;--awb-width-small:100%;--awb-order-small:0;--awb-spacing-right-small:1.92%;--awb-spacing-left-small:1.92%;\"><div class=\"fusion-column-wrapper fusion-column-has-shadow fusion-flex-justify-content-flex-start fusion-content-layout-column\"><div class=\"fusion-separator\" style=\"align-self: center;margin-left: auto;margin-right: auto;margin-top:10px;margin-bottom:10px;width:100%;max-width:270px;\"><div class=\"fusion-separator-border sep-single sep-solid\" style=\"--awb-height:20px;--awb-amount:20px;--awb-sep-color:#386aaf;border-color:#386aaf;border-top-width:3px;\"><\/div><\/div><\/div><\/div><\/div><\/div><div class=\"fusion-fullwidth fullwidth-box fusion-builder-row-4 fusion-flex-container nonhundred-percent-fullwidth non-hundred-percent-height-scrolling\" style=\"--awb-border-radius-top-left:0px;--awb-border-radius-top-right:0px;--awb-border-radius-bottom-right:0px;--awb-border-radius-bottom-left:0px;--awb-flex-wrap:wrap;\" ><div class=\"fusion-builder-row fusion-row fusion-flex-align-items-flex-start fusion-flex-content-wrap\" style=\"max-width:1331.2px;margin-left: calc(-4% \/ 2 );margin-right: calc(-4% \/ 2 );\"><div class=\"fusion-layout-column fusion_builder_column fusion-builder-column-3 fusion_builder_column_1_1 1_1 fusion-flex-column\" style=\"--awb-bg-size:cover;--awb-width-large:100%;--awb-margin-top-large:10px;--awb-spacing-right-large:1.92%;--awb-margin-bottom-large:10px;--awb-spacing-left-large:1.92%;--awb-width-medium:100%;--awb-order-medium:0;--awb-spacing-right-medium:1.92%;--awb-spacing-left-medium:1.92%;--awb-width-small:100%;--awb-order-small:0;--awb-spacing-right-small:1.92%;--awb-spacing-left-small:1.92%;\"><div class=\"fusion-column-wrapper fusion-column-has-shadow fusion-flex-justify-content-flex-start fusion-content-layout-column\"><ul style=\"--awb-iconcolor:#386aaf;--awb-line-height:23.8px;--awb-icon-width:23.8px;--awb-icon-height:23.8px;--awb-icon-margin:9.8px;--awb-content-margin:33.6px;\" class=\"fusion-checklist fusion-checklist-1 fusion-checklist-default type-icons\"><li class=\"fusion-li-item\" style=\"\"><span class=\"icon-wrapper circle-no\"><i class=\"fusion-li-icon fa-landmark fas\" aria-hidden=\"true\"><\/i><\/span><div class=\"fusion-li-item-content\">\n<p>Office for International Cooperation &amp; International Students<\/p>\n<\/div><\/li><li class=\"fusion-li-item\" style=\"\"><span class=\"icon-wrapper circle-no\"><i class=\"fusion-li-icon fa-envelope fas\" aria-hidden=\"true\"><\/i><\/span><div class=\"fusion-li-item-content\">\n<p>internationaladmission@ase.ro<\/p>\n<\/div><\/li><li class=\"fusion-li-item\" style=\"\"><span class=\"icon-wrapper circle-no\"><i class=\"fusion-li-icon fa-phone fas\" aria-hidden=\"true\"><\/i><\/span><div class=\"fusion-li-item-content\">\n<p><a href=\"tel:(+4)%20021%20319%2019%2084\">+40 213 19 19 84<\/a> \/ fax: +40 213 19 20 23<\/p>\n<\/div><\/li><li class=\"fusion-li-item\" style=\"\"><span class=\"icon-wrapper circle-no\"><i class=\"fusion-li-icon fa-map-marker-alt fas\" aria-hidden=\"true\"><\/i><\/span><div class=\"fusion-li-item-content\">\n<p>Pia\u021ba Roman\u0103 no. 8, N.D. Xenopol Building, Ground floor (entrance from Dacia Blvd.)<\/p>\n<\/div><\/li><li class=\"fusion-li-item\" style=\"\"><span class=\"icon-wrapper circle-no\"><i class=\"fusion-li-icon fa-clock fas\" aria-hidden=\"true\"><\/i><\/span><div class=\"fusion-li-item-content\">\n<p>Monday to Friday: 09:00 \u2013 13:00<\/p>\n<\/div><\/li><\/ul><\/div><\/div><\/div><\/div><\/p>\n","protected":false},"excerpt":{"rendered":"","protected":false},"author":1,"featured_media":0,"parent":0,"menu_order":0,"comment_status":"closed","ping_status":"closed","template":"","meta":{"footnotes":""},"class_list":["post-2432","page","type-page","status-publish","hentry"],"_links":{"self":[{"href":"https:\/\/international.ase.ro\/21\/wp-json\/wp\/v2\/pages\/2432","targetHints":{"allow":["GET"]}}],"collection":[{"href":"https:\/\/international.ase.ro\/21\/wp-json\/wp\/v2\/pages"}],"about":[{"href":"https:\/\/international.ase.ro\/21\/wp-json\/wp\/v2\/types\/page"}],"author":[{"embeddable":true,"href":"https:\/\/international.ase.ro\/21\/wp-json\/wp\/v2\/users\/1"}],"replies":[{"embeddable":true,"href":"https:\/\/international.ase.ro\/21\/wp-json\/wp\/v2\/comments?post=2432"}],"version-history":[{"count":39,"href":"https:\/\/international.ase.ro\/21\/wp-json\/wp\/v2\/pages\/2432\/revisions"}],"predecessor-version":[{"id":10629,"href":"https:\/\/international.ase.ro\/21\/wp-json\/wp\/v2\/pages\/2432\/revisions\/10629"}],"wp:attachment":[{"href":"https:\/\/international.ase.ro\/21\/wp-json\/wp\/v2\/media?parent=2432"}],"curies":[{"name":"wp","href":"https:\/\/api.w.org\/{rel}","templated":true}]}}