{"id":2449,"date":"2021-02-17T10:07:29","date_gmt":"2021-02-17T10:07:29","guid":{"rendered":"http:\/\/international.ase.ro\/21\/?page_id=2449"},"modified":"2026-03-04T16:34:39","modified_gmt":"2026-03-04T16:34:39","slug":"romani-de-pretutindeni-2","status":"publish","type":"page","link":"https:\/\/international.ase.ro\/21\/romani-de-pretutindeni-2\/","title":{"rendered":"Categoria Rom\u00e2nilor De Pretutindeni"},"content":{"rendered":"<p><div class=\"fusion-fullwidth fullwidth-box fusion-builder-row-1 fusion-flex-container nonhundred-percent-fullwidth non-hundred-percent-height-scrolling\" style=\"--awb-border-radius-top-left:0px;--awb-border-radius-top-right:0px;--awb-border-radius-bottom-right:0px;--awb-border-radius-bottom-left:0px;--awb-flex-wrap:wrap;\" ><div class=\"fusion-builder-row fusion-row fusion-flex-align-items-flex-start fusion-flex-content-wrap\" style=\"max-width:1331.2px;margin-left: calc(-4% \/ 2 );margin-right: calc(-4% \/ 2 );\"><div class=\"fusion-layout-column fusion_builder_column fusion-builder-column-0 fusion_builder_column_1_2 1_2 fusion-flex-column\" style=\"--awb-overflow:hidden;--awb-bg-color:#386aaf;--awb-bg-color-hover:#386aaf;--awb-bg-size:cover;--awb-border-radius:23px 23px 23px 23px;--awb-width-large:50%;--awb-margin-top-large:-4%;--awb-spacing-right-large:3.84%;--awb-margin-bottom-large:10px;--awb-spacing-left-large:3.84%;--awb-width-medium:100%;--awb-order-medium:0;--awb-spacing-right-medium:1.92%;--awb-spacing-left-medium:1.92%;--awb-width-small:100%;--awb-order-small:0;--awb-spacing-right-small:1.92%;--awb-spacing-left-small:1.92%;\"><div class=\"fusion-column-wrapper fusion-column-has-shadow fusion-flex-justify-content-flex-start fusion-content-layout-column\"><div class=\"fusion-text fusion-text-1\" style=\"--awb-text-color:#ffffff;\"><p style=\"text-align: center;\"><strong>DIN CATEGORIA ROM\u00c2NILOR DE PRETUTINDENI, FAC PARTE<\/strong><em>, \u00een conformitate cu prevederile Legii nr. 299\/2007 privind sprijinul acordat rom\u00e2nilor de pretutindeni, republicat\u0103, cu modific\u0103rile \u015fi complet\u0103rile ulterioare:<\/em><\/p>\n<ul>\n<li style=\"text-align: left;\"><strong><em>Persoanele care \u00ee\u015fi asum\u0103 \u00een mod liber identitatea cultural\u0103 rom\u00e2n\u0103, persoanele de origine rom\u00e2n\u0103 \u0219i cele apar\u0163in\u00e2nd filonului lingvistic \u015fi cultural rom\u00e2nesc, care locuiesc \u00een afara frontierelor Rom\u00e2niei, indiferent de etnonimul folosit\u00a0<\/em><\/strong><em>(arm\u00e2ni, arm\u00e2nji, arom\u00e2ni, basarabeni, bucovineni, cu\u0163ovlahi, daco-rom\u00e2ni, f\u0103r\u015fero\u0163i, her\u0163eni, istro-rom\u00e2ni, latini dun\u0103reni, macedorom\u00e2ni, macedo-rom\u00e2ni, maramure\u015feni, megleni\u0163i, megleno-rom\u00e2ni, moldoveni, moldovlahi, rr\u0103m\u00e2ni, rum\u00e2ni, valahi, vlahi, vlasi, volohi, macedo-arm\u00e2nji), precum \u015fi toate celelalte forme lexicale \u00eenrudite semantic cu cele de mai sus<\/em>,<\/li>\n<li style=\"text-align: left;\"><strong><em>Rom\u00e2nii emigra\u021bi, fie c\u0103 au p\u0103strat sau nu cet\u0103\u021benia rom\u00e2n\u0103, descenden\u021bii acestora, precum \u0219i cet\u0103\u021beni rom\u00e2ni cu domiciliul stabil sau re\u015fedin\u0163a \u00een str\u0103in\u0103tate<\/em><\/strong><em>.<a name=\"_ftnref1\"><\/a> &#8211; <\/em>Extras din\u00a0<strong><em>Metodologie \u2013 Dispozi\u021bii generale\u00a0<\/em> 1.<\/strong><\/li>\n<\/ul>\n<\/div><\/div><\/div><div class=\"fusion-layout-column fusion_builder_column fusion-builder-column-1 fusion_builder_column_1_2 1_2 fusion-flex-column\" style=\"--awb-overflow:hidden;--awb-bg-color:#386aaf;--awb-bg-color-hover:#386aaf;--awb-bg-size:cover;--awb-border-radius:23px 23px 23px 23px;--awb-width-large:50%;--awb-margin-top-large:-4%;--awb-spacing-right-large:3.84%;--awb-margin-bottom-large:10px;--awb-spacing-left-large:3.84%;--awb-width-medium:100%;--awb-order-medium:0;--awb-spacing-right-medium:1.92%;--awb-spacing-left-medium:1.92%;--awb-width-small:100%;--awb-order-small:0;--awb-spacing-right-small:1.92%;--awb-spacing-left-small:1.92%;\"><div class=\"fusion-column-wrapper fusion-column-has-shadow fusion-flex-justify-content-flex-start fusion-content-layout-column\"><div class=\"fusion-text fusion-text-2\" style=\"--awb-text-color:#ffffff;\"><h2 style=\"text-align: center; color: #ffffff;\"><strong><u>POT FI \u0218COLARIZA\u021aI<\/u><\/strong><\/h2>\n<ol>\n<li>pe locuri de studii<em>,\u00a0<\/em><strong>f\u0103r\u0103 plata taxelor de \u0219colarizare, dar cu burs\u0103<\/strong>,\u00a0<em>\u00een baza ofertei de locuri a universit\u0103\u021bilor de stat din Rom\u00e2nia, cu respectarea prioritar\u0103 a criteriului calit\u0103\u0163ii \u0219i a capacit\u0103\u021bii de \u0219colarizare, conform prevederilor legale \u00een vigoare.\u00a0<strong>Studiile se vor desf\u0103\u0219ura exclusiv \u00een limba rom\u00e2n\u0103;<\/strong><\/em><\/li>\n<li>pe locuri de studii\u00a0<strong>f\u0103r\u0103 plata taxelor de \u0219colarizare, dar f\u0103r\u0103 burs\u0103<\/strong>,\u00a0<em>\u00een baza ofertei de locuri a universit\u0103\u021bilor de stat din Rom\u00e2nia, cu respectarea prioritar\u0103 a criteriului calit\u0103\u0163ii \u0219i a capacit\u0103\u021bii de \u0219colarizare, conform prevederilor legale \u00een vigoare<strong>.<\/strong><\/em>\u00a0<strong><em>Studiile se vor desf\u0103\u0219ura exclusiv \u00een limba rom\u00e2n\u0103;\u00a0<\/em><\/strong><\/li>\n<li>pe locuri de studii <strong>cu taxa \u00een lei<\/strong>, taxa de \u0219colarizare pentru candida\u0163ii rom\u00e2ni de pretutindeni este \u00een cuantumul stabilit pentru cet\u0103\u021benii rom\u00e2ni.<\/li>\n<\/ol>\n<\/div><\/div><\/div><\/div><\/div><div class=\"fusion-fullwidth fullwidth-box fusion-builder-row-2 fusion-flex-container nonhundred-percent-fullwidth non-hundred-percent-height-scrolling\" style=\"--awb-border-radius-top-left:0px;--awb-border-radius-top-right:0px;--awb-border-radius-bottom-right:0px;--awb-border-radius-bottom-left:0px;--awb-flex-wrap:wrap;\" ><div class=\"fusion-builder-row fusion-row fusion-flex-align-items-flex-start fusion-flex-content-wrap\" style=\"max-width:1331.2px;margin-left: calc(-4% \/ 2 );margin-right: calc(-4% \/ 2 );\"><div class=\"fusion-layout-column fusion_builder_column fusion-builder-column-2 fusion_builder_column_1_1 1_1 fusion-flex-column\" style=\"--awb-bg-size:cover;--awb-width-large:100%;--awb-margin-top-large:10px;--awb-spacing-right-large:1.92%;--awb-margin-bottom-large:10px;--awb-spacing-left-large:1.92%;--awb-width-medium:100%;--awb-order-medium:0;--awb-spacing-right-medium:1.92%;--awb-spacing-left-medium:1.92%;--awb-width-small:100%;--awb-order-small:0;--awb-spacing-right-small:1.92%;--awb-spacing-left-small:1.92%;\"><div class=\"fusion-column-wrapper fusion-column-has-shadow fusion-flex-justify-content-flex-start fusion-content-layout-column\"><div class=\"accordian fusion-accordian\" style=\"--awb-border-size:3px;--awb-icon-size:25px;--awb-content-font-size:15px;--awb-icon-alignment:left;--awb-hover-color:#ffffff;--awb-border-color:#e7e4e2;--awb-background-color:#ffffff;--awb-divider-color:#e0dede;--awb-divider-hover-color:#e0dede;--awb-icon-color:#386aaf;--awb-title-color:#333333;--awb-content-color:#747474;--awb-icon-box-color:#333333;--awb-toggle-hover-accent-color:#386aaf;--awb-title-font-family:&quot;Open Sans&quot;;--awb-title-font-weight:700;--awb-title-font-style:normal;--awb-title-font-size:18px;--awb-title-letter-spacing:0px;--awb-title-line-height:1.67;--awb-content-font-family:&quot;Open Sans&quot;;--awb-content-font-style:normal;--awb-content-font-weight:400;\"><div class=\"panel-group fusion-toggle-icon-unboxed\" id=\"accordion-2449-1\"><div class=\"fusion-panel panel-default panel-7ec507bdd59c0c9e3 fusion-toggle-no-divider fusion-toggle-boxed-mode\"><div class=\"panel-heading\"><h4 class=\"panel-title toggle\" id=\"toggle_7ec507bdd59c0c9e3\"><a aria-expanded=\"false\" aria-controls=\"7ec507bdd59c0c9e3\" role=\"button\" data-toggle=\"collapse\" data-parent=\"#accordion-2449-1\" data-target=\"#7ec507bdd59c0c9e3\" href=\"#7ec507bdd59c0c9e3\"><span class=\"fusion-toggle-icon-wrapper\" aria-hidden=\"true\"><i class=\"fa-fusion-box active-icon awb-icon-minus\" aria-hidden=\"true\"><\/i><i class=\"fa-fusion-box inactive-icon awb-icon-plus\" aria-hidden=\"true\"><\/i><\/span><span class=\"fusion-toggle-heading\">DESF\u0102\u015eURAREA CONCURSULUI DE ADMITERE LA STUDIILE UNIVERSITARE DE MASTERAT AT\u00c2T PENTRU OCUPAREA LOCURILOR FINAN\u0162ATE DE LA BUGET C\u00c2T \u015eI PENTRU OCUPAREA LOCURILOR FINAN\u0162ATE PRIN TAXE DE \u015eCOLARIZARE, PRESUPUNE:<\/span><\/a><\/h4><\/div><div id=\"7ec507bdd59c0c9e3\" class=\"panel-collapse collapse \" aria-labelledby=\"toggle_7ec507bdd59c0c9e3\"><div class=\"panel-body toggle-content fusion-clearfix\">\n<ul>\n<li>\u00eenscrierea online la concurs, conform Graficului desf\u0103\u0219ur\u0103rii concursului de admitere &nbsp;la programele de studii universitare de masterat, anul universitar 2025-2026;<\/li>\n<li>sus\u0163inerea interviului de competen\u0163\u0103 lingvistic\u0103, dac\u0103 este cazul;<\/li>\n<li>afi\u015farea rezultatelor la testul de competen\u0163\u0103 lingvistic\u0103;<\/li>\n<li>depunerea eventualelor contesta\u0163ii se va face la Registratura ASE, prin e-mail, la adresa&nbsp;<a href=\"mailto:registratura@ase.ro\" target=\"_blank\" rel=\"noopener\">registratura@ase.ro<\/a>;<\/li>\n<li>sus\u0163inerea testului-gril\u0103 de specialitate, pe baza unei tematici \u015fi bibliografii cuprinse \u00een Anexa 3;<\/li>\n<li>afi\u015farea listelor candida\u0163ilor repartiza\u0163i pe locuri finan\u0163ate de la buget, cu tax\u0103 sau afla\u0163i \u00een a\u015fteptare;<\/li>\n<li>depunerea, \u00een original, a diplomei de bacalaureat \u0219i a diplomei de licen\u021b\u0103\/adeverin\u021bei de absolvire (pentru absolven\u021bii care au promovat examenul de finalizare a studiilor \u00een sesiunea iulie&nbsp;2026) \u015fi\/sau plata online, pe platforma&nbsp;<a href=\"http:\/\/admitere.ase.ro\/\" target=\"_blank\" rel=\"noopener\" data-saferedirecturl=\"https:\/\/www.google.com\/url?q=http:\/\/admitere.ase.ro\/&amp;source=gmail&amp;ust=1772727831230000&amp;usg=AOvVaw3qnh_1k3Jm-ZC5p8L9n1_d\">admitere.ase.ro<\/a> a taxei de 4000 lei;<\/li>\n<li>afi\u015farea listelor candida\u0163ilor admi\u015fi \u015fi a celor declara\u0163i respin\u015fi.<\/li>\n<\/ul>\n<\/div><\/div><\/div><div class=\"fusion-panel panel-default panel-6b198648c1ed98039 fusion-toggle-no-divider fusion-toggle-boxed-mode\"><div class=\"panel-heading\"><h4 class=\"panel-title toggle\" id=\"toggle_6b198648c1ed98039\"><a aria-expanded=\"false\" aria-controls=\"6b198648c1ed98039\" role=\"button\" data-toggle=\"collapse\" data-parent=\"#accordion-2449-1\" data-target=\"#6b198648c1ed98039\" href=\"#6b198648c1ed98039\"><span class=\"fusion-toggle-icon-wrapper\" aria-hidden=\"true\"><i class=\"fa-fusion-box active-icon awb-icon-minus\" aria-hidden=\"true\"><\/i><i class=\"fa-fusion-box inactive-icon awb-icon-plus\" aria-hidden=\"true\"><\/i><\/span><span class=\"fusion-toggle-heading\">DOCUMENTE - ANEXE<\/span><\/a><\/h4><\/div><div id=\"6b198648c1ed98039\" class=\"panel-collapse collapse \" aria-labelledby=\"toggle_6b198648c1ed98039\"><div class=\"panel-body toggle-content fusion-clearfix\">\n<p><a href=\"https:\/\/international.ase.ro\/21\/organizarea-si-desfasurarea-concursului-de-admitere-la-programele-de-studii-universitare-de-masterat-pentru-romanii-de-pretutindeni\/\" rel=\"attachment wp-att-9868\">Organizarea \u0219i desf\u0103\u0219urarea concursului de admitere la programele de studii universitare de masterat pentru rom\u00e2nii de pretutindeni<\/a><\/p>\n<p><a href=\"https:\/\/international.ase.ro\/21\/wp-content\/uploads\/2026\/03\/Grafic_admitere_masterat_iulie_2026_2027.pdf\" target=\"_blank\" rel=\"attachment noopener wp-att-9869\">Anexa 2_Graficul desf\u0103\u0219ur\u0103rii concursului de admitere la programele de studii universitare de masterat, anul 2026-2027<\/a><\/p>\n<p><a href=\"https:\/\/international.ase.ro\/21\/wp-content\/uploads\/2026\/03\/Anexa-3_Tematica-si-bibliografia-de-concurs-pentru-examenul-de-specialitate-examen-scris_2026.pdf\" target=\"_blank\" rel=\"attachment noopener wp-att-9870\">Anexa 3_Tematica \u0219i bibliografia de concurs pentru examenul de specialitate (examen scris)<\/a><\/p>\n<p><a href=\"https:\/\/international.ase.ro\/21\/anexa-7_declaratie-pe-proprie-raspundere-2\/\" rel=\"attachment wp-att-9871\">Anexa 7_Declara\u021bie pe proprie r\u0103spundere<\/a><\/p>\n<p><a href=\"https:\/\/international.ase.ro\/21\/anexa-8_declaratie-pe-propria-raspundere-privind-autenticitatea-documentelor-incarcate\/\" rel=\"attachment wp-att-9872\">Anexa 8_Declara\u021bie pe propria r\u0103spundere privind autenticitatea documentelor \u00eenc\u0103rcate<\/a><\/p>\n<p><a href=\"https:\/\/international.ase.ro\/21\/anexa-13_declaratie-privind-apartenenta-la-identitatea-culturala-romana\/\" rel=\"attachment wp-att-9873\">Anexa 13_Declara\u021bie privind apartenen\u021ba la identitatea cultural\u0103 rom\u00e2n\u0103<\/a><\/p>\n<\/div><\/div><\/div><\/div><\/div><\/div><\/div><\/div><\/div><div class=\"fusion-fullwidth fullwidth-box fusion-builder-row-3 fusion-flex-container nonhundred-percent-fullwidth non-hundred-percent-height-scrolling\" style=\"--awb-border-radius-top-left:0px;--awb-border-radius-top-right:0px;--awb-border-radius-bottom-right:0px;--awb-border-radius-bottom-left:0px;--awb-flex-wrap:wrap;\" ><div class=\"fusion-builder-row fusion-row fusion-flex-align-items-flex-start fusion-flex-content-wrap\" style=\"max-width:1331.2px;margin-left: calc(-4% \/ 2 );margin-right: calc(-4% \/ 2 );\"><div class=\"fusion-layout-column fusion_builder_column fusion-builder-column-3 fusion_builder_column_1_1 1_1 fusion-flex-column\" style=\"--awb-bg-size:cover;--awb-width-large:100%;--awb-margin-top-large:10px;--awb-spacing-right-large:1.92%;--awb-margin-bottom-large:10px;--awb-spacing-left-large:1.92%;--awb-width-medium:100%;--awb-order-medium:0;--awb-spacing-right-medium:1.92%;--awb-spacing-left-medium:1.92%;--awb-width-small:100%;--awb-order-small:0;--awb-spacing-right-small:1.92%;--awb-spacing-left-small:1.92%;\"><div class=\"fusion-column-wrapper fusion-column-has-shadow fusion-flex-justify-content-flex-start fusion-content-layout-column\"><div class=\"fusion-text fusion-text-3 fusion-animated\" style=\"--awb-font-size:20px;\" data-animationType=\"flash\" data-animationDuration=\"1.4\" data-animationOffset=\"top-into-view\"><p style=\"text-align: center;\"><strong>Candida\u0163ii care au optat pentru forma de finan\u0163are de la buget concureaz\u0103 implicit \u015fi pe locurile cu tax\u0103 (\u00een cazul \u00een care sunt alocate locuri pentru aceast\u0103 categorie de candida\u0163i), pentru programele specificate \u00een fi\u015fa de \u00eenscriere.<\/strong><\/p>\n<\/div><\/div><\/div><\/div><\/div><div class=\"fusion-fullwidth fullwidth-box fusion-builder-row-4 fusion-flex-container nonhundred-percent-fullwidth non-hundred-percent-height-scrolling\" style=\"--awb-border-radius-top-left:0px;--awb-border-radius-top-right:0px;--awb-border-radius-bottom-right:0px;--awb-border-radius-bottom-left:0px;--awb-flex-wrap:wrap;\" ><div class=\"fusion-builder-row fusion-row fusion-flex-align-items-flex-start fusion-flex-content-wrap\" style=\"max-width:1331.2px;margin-left: calc(-4% \/ 2 );margin-right: calc(-4% \/ 2 );\"><div class=\"fusion-layout-column fusion_builder_column fusion-builder-column-4 fusion_builder_column_1_1 1_1 fusion-flex-column\" style=\"--awb-bg-size:cover;--awb-width-large:100%;--awb-margin-top-large:10px;--awb-spacing-right-large:1.92%;--awb-margin-bottom-large:10px;--awb-spacing-left-large:1.92%;--awb-width-medium:100%;--awb-order-medium:0;--awb-spacing-right-medium:1.92%;--awb-spacing-left-medium:1.92%;--awb-width-small:100%;--awb-order-small:0;--awb-spacing-right-small:1.92%;--awb-spacing-left-small:1.92%;\"><div class=\"fusion-column-wrapper fusion-column-has-shadow fusion-flex-justify-content-flex-start fusion-content-layout-column\"><ul style=\"--awb-iconcolor:#386aaf;--awb-line-height:23.8px;--awb-icon-width:23.8px;--awb-icon-height:23.8px;--awb-icon-margin:9.8px;--awb-content-margin:33.6px;\" class=\"fusion-checklist fusion-checklist-1 fusion-checklist-default type-icons\"><li class=\"fusion-li-item\" style=\"\"><span class=\"icon-wrapper circle-no\"><i class=\"fusion-li-icon fa-landmark fas\" aria-hidden=\"true\"><\/i><\/span><div class=\"fusion-li-item-content\">\n<p>Office for International Cooperation &amp; International Students<\/p>\n<\/div><\/li><li class=\"fusion-li-item\" style=\"\"><span class=\"icon-wrapper circle-no\"><i class=\"fusion-li-icon fa-envelope fas\" aria-hidden=\"true\"><\/i><\/span><div class=\"fusion-li-item-content\">\n<p>dosarerompret@ase.ro<\/p>\n<\/div><\/li><li class=\"fusion-li-item\" style=\"\"><span class=\"icon-wrapper circle-no\"><i class=\"fusion-li-icon fa-phone fas\" aria-hidden=\"true\"><\/i><\/span><div class=\"fusion-li-item-content\">\n<p><a href=\"tel:(+4)%20021%20319%2019%2084\">+40 213 19 19 84<\/a> \/ fax: +40 213 19 20 23<\/p>\n<\/div><\/li><li class=\"fusion-li-item\" style=\"\"><span class=\"icon-wrapper circle-no\"><i class=\"fusion-li-icon fa-map-marker-alt fas\" aria-hidden=\"true\"><\/i><\/span><div class=\"fusion-li-item-content\">\n<p>Pia\u021ba Roman\u0103 no. 8, N.D. Xenopol Building, Ground floor (entrance from Dacia Blvd.)<\/p>\n<\/div><\/li><li class=\"fusion-li-item\" style=\"\"><span class=\"icon-wrapper circle-no\"><i class=\"fusion-li-icon fa-clock fas\" aria-hidden=\"true\"><\/i><\/span><div class=\"fusion-li-item-content\">Monday to Friday: 09:00 \u2013 13:00<strong>\u00a0<\/strong><\/div><\/li><\/ul><\/div><\/div><\/div><\/div><\/p>\n","protected":false},"excerpt":{"rendered":"","protected":false},"author":1,"featured_media":0,"parent":0,"menu_order":0,"comment_status":"closed","ping_status":"closed","template":"","meta":{"footnotes":""},"class_list":["post-2449","page","type-page","status-publish","hentry"],"_links":{"self":[{"href":"https:\/\/international.ase.ro\/21\/wp-json\/wp\/v2\/pages\/2449","targetHints":{"allow":["GET"]}}],"collection":[{"href":"https:\/\/international.ase.ro\/21\/wp-json\/wp\/v2\/pages"}],"about":[{"href":"https:\/\/international.ase.ro\/21\/wp-json\/wp\/v2\/types\/page"}],"author":[{"embeddable":true,"href":"https:\/\/international.ase.ro\/21\/wp-json\/wp\/v2\/users\/1"}],"replies":[{"embeddable":true,"href":"https:\/\/international.ase.ro\/21\/wp-json\/wp\/v2\/comments?post=2449"}],"version-history":[{"count":31,"href":"https:\/\/international.ase.ro\/21\/wp-json\/wp\/v2\/pages\/2449\/revisions"}],"predecessor-version":[{"id":10690,"href":"https:\/\/international.ase.ro\/21\/wp-json\/wp\/v2\/pages\/2449\/revisions\/10690"}],"wp:attachment":[{"href":"https:\/\/international.ase.ro\/21\/wp-json\/wp\/v2\/media?parent=2449"}],"curies":[{"name":"wp","href":"https:\/\/api.w.org\/{rel}","templated":true}]}}