{"id":2461,"date":"2021-02-17T10:10:37","date_gmt":"2021-02-17T10:10:37","guid":{"rendered":"http:\/\/international.ase.ro\/21\/?page_id=2461"},"modified":"2026-02-23T09:15:30","modified_gmt":"2026-02-23T09:15:30","slug":"romani-de-pretutindeni-3","status":"publish","type":"page","link":"https:\/\/international.ase.ro\/21\/romani-de-pretutindeni-3\/","title":{"rendered":"Rom\u00e2ni de pretutindeni"},"content":{"rendered":"<p><div class=\"fusion-fullwidth fullwidth-box fusion-builder-row-1 fusion-flex-container nonhundred-percent-fullwidth non-hundred-percent-height-scrolling\" style=\"--awb-border-radius-top-left:0px;--awb-border-radius-top-right:0px;--awb-border-radius-bottom-right:0px;--awb-border-radius-bottom-left:0px;--awb-flex-wrap:wrap;\" ><div class=\"fusion-builder-row fusion-row fusion-flex-align-items-flex-start fusion-flex-content-wrap\" style=\"max-width:1331.2px;margin-left: calc(-4% \/ 2 );margin-right: calc(-4% \/ 2 );\"><div class=\"fusion-layout-column fusion_builder_column fusion-builder-column-0 fusion_builder_column_1_2 1_2 fusion-flex-column\" style=\"--awb-overflow:hidden;--awb-bg-color:#386aaf;--awb-bg-color-hover:#386aaf;--awb-bg-size:cover;--awb-border-radius:23px 23px 23px 23px;--awb-width-large:50%;--awb-margin-top-large:-4%;--awb-spacing-right-large:3.84%;--awb-margin-bottom-large:10px;--awb-spacing-left-large:3.84%;--awb-width-medium:100%;--awb-order-medium:0;--awb-spacing-right-medium:1.92%;--awb-spacing-left-medium:1.92%;--awb-width-small:100%;--awb-order-small:0;--awb-spacing-right-small:1.92%;--awb-spacing-left-small:1.92%;\"><div class=\"fusion-column-wrapper fusion-column-has-shadow fusion-flex-justify-content-flex-start fusion-content-layout-column\"><div class=\"fusion-text fusion-text-1\" style=\"--awb-text-color:#ffffff;\"><p style=\"text-align: center;\"><strong>DIN CATEGORIA ROM\u00c2NILOR DE PRETUTINDENI, FAC PARTE<\/strong><em>, \u00een conformitate cu prevederile Legii nr. 299\/2007 privind sprijinul acordat rom\u00e2nilor de pretutindeni, republicat\u0103, cu modific\u0103rile \u015fi complet\u0103rile ulterioare:<\/em><\/p>\n<ul>\n<li style=\"text-align: left;\"><strong><em>Persoanele care \u00ee\u015fi asum\u0103 \u00een mod liber identitatea cultural\u0103 rom\u00e2n\u0103, persoanele de origine rom\u00e2n\u0103 \u0219i cele apar\u0163in\u00e2nd filonului lingvistic \u015fi cultural rom\u00e2nesc, care locuiesc \u00een afara frontierelor Rom\u00e2niei, indiferent de etnonimul folosit\u00a0<\/em><\/strong><em>(arm\u00e2ni, arm\u00e2nji, arom\u00e2ni, basarabeni, bucovineni, cu\u0163ovlahi, daco-rom\u00e2ni, f\u0103r\u015fero\u0163i, her\u0163eni, istro-rom\u00e2ni, latini dun\u0103reni, macedorom\u00e2ni, macedo-rom\u00e2ni, maramure\u015feni, megleni\u0163i, megleno-rom\u00e2ni, moldoveni, moldovlahi, rr\u0103m\u00e2ni, rum\u00e2ni, valahi, vlahi, vlasi, volohi, macedo-arm\u00e2nji), precum \u015fi toate celelalte forme lexicale \u00eenrudite semantic cu cele de mai sus<\/em>,<\/li>\n<li style=\"text-align: left;\"><strong><em>Rom\u00e2nii emigra\u021bi, fie c\u0103 au p\u0103strat sau nu cet\u0103\u021benia rom\u00e2n\u0103, descenden\u021bii acestora, precum \u0219i cet\u0103\u021beni rom\u00e2ni cu domiciliul stabil sau re\u015fedin\u0163a \u00een str\u0103in\u0103tate<\/em><\/strong><em>.<a name=\"_ftnref1\"><\/a> &#8211; <\/em>Extras din\u00a0<strong><em>Metodologie \u2013 Dispozi\u021bii generale\u00a0<\/em> 1.<\/strong><\/li>\n<\/ul>\n<\/div><\/div><\/div><div class=\"fusion-layout-column fusion_builder_column fusion-builder-column-1 fusion_builder_column_1_2 1_2 fusion-flex-column\" style=\"--awb-overflow:hidden;--awb-bg-color:#386aaf;--awb-bg-color-hover:#386aaf;--awb-bg-size:cover;--awb-border-radius:23px 23px 23px 23px;--awb-width-large:50%;--awb-margin-top-large:-4%;--awb-spacing-right-large:3.84%;--awb-margin-bottom-large:10px;--awb-spacing-left-large:3.84%;--awb-width-medium:100%;--awb-order-medium:0;--awb-spacing-right-medium:1.92%;--awb-spacing-left-medium:1.92%;--awb-width-small:100%;--awb-order-small:0;--awb-spacing-right-small:1.92%;--awb-spacing-left-small:1.92%;\"><div class=\"fusion-column-wrapper fusion-column-has-shadow fusion-flex-justify-content-flex-start fusion-content-layout-column\"><div class=\"fusion-text fusion-text-2\" style=\"--awb-text-color:#ffffff;\"><p style=\"text-align: center;\"><strong><u>POT FI \u0218COLARIZA\u021aI<\/u><\/strong><\/p>\n<ol>\n<li>pe locuri de studii<em>,\u00a0<\/em><strong>f\u0103r\u0103 plata taxelor de \u0219colarizare, dar cu burs\u0103<\/strong>,\u00a0<em>\u00een baza ofertei de locuri a universit\u0103\u021bilor de stat din Rom\u00e2nia, cu respectarea prioritar\u0103 a criteriului calit\u0103\u0163ii \u0219i a capacit\u0103\u021bii de \u0219colarizare, conform prevederilor legale \u00een vigoare.\u00a0<strong>Studiile se vor desf\u0103\u0219ura exclusiv \u00een limba rom\u00e2n\u0103;<\/strong><\/em><\/li>\n<li>pe locuri de studii\u00a0<strong>f\u0103r\u0103 plata taxelor de \u0219colarizare, dar f\u0103r\u0103 burs\u0103<\/strong>,\u00a0<em>\u00een baza ofertei de locuri a universit\u0103\u021bilor de stat din Rom\u00e2nia, cu respectarea prioritar\u0103 a criteriului calit\u0103\u0163ii \u0219i a capacit\u0103\u021bii de \u0219colarizare, conform prevederilor legale \u00een vigoare<strong>.<\/strong><\/em>\u00a0<strong><em>Studiile se vor desf\u0103\u0219ura exclusiv \u00een limba rom\u00e2n\u0103;\u00a0<\/em><\/strong><\/li>\n<li>pe locuri de studii <strong>cu taxa \u00een lei<\/strong>, taxa de \u0219colarizare pentru candida\u0163ii rom\u00e2ni de pretutindeni este \u00een cuantumul stabilit pentru cet\u0103\u021benii rom\u00e2ni.<\/li>\n<\/ol>\n<p style=\"text-align: center;\"><strong><em>Rom\u00e2nii de pretutindeni, care nu cunosc limba rom\u00e2n\u0103, pot frecventa anul preg\u0103titor de limba rom\u00e2n\u0103, conform prevederilor legale \u00een vigoare.<\/em><\/strong><\/p>\n<\/div><\/div><\/div><\/div><\/div><div class=\"fusion-fullwidth fullwidth-box fusion-builder-row-2 fusion-flex-container nonhundred-percent-fullwidth non-hundred-percent-height-scrolling\" style=\"--awb-border-radius-top-left:0px;--awb-border-radius-top-right:0px;--awb-border-radius-bottom-right:0px;--awb-border-radius-bottom-left:0px;--awb-flex-wrap:wrap;\" ><div class=\"fusion-builder-row fusion-row fusion-flex-align-items-flex-start fusion-flex-content-wrap\" style=\"max-width:1331.2px;margin-left: calc(-4% \/ 2 );margin-right: calc(-4% \/ 2 );\"><div class=\"fusion-layout-column fusion_builder_column fusion-builder-column-2 fusion_builder_column_1_1 1_1 fusion-flex-column\" style=\"--awb-bg-size:cover;--awb-width-large:100%;--awb-margin-top-large:10px;--awb-spacing-right-large:1.92%;--awb-margin-bottom-large:10px;--awb-spacing-left-large:1.92%;--awb-width-medium:100%;--awb-order-medium:0;--awb-spacing-right-medium:1.92%;--awb-spacing-left-medium:1.92%;--awb-width-small:100%;--awb-order-small:0;--awb-spacing-right-small:1.92%;--awb-spacing-left-small:1.92%;\"><div class=\"fusion-column-wrapper fusion-column-has-shadow fusion-flex-justify-content-flex-start fusion-content-layout-column\"><div class=\"accordian fusion-accordian\" style=\"--awb-border-size:3px;--awb-icon-size:25px;--awb-content-font-size:15px;--awb-icon-alignment:left;--awb-hover-color:#ffffff;--awb-border-color:#e7e4e2;--awb-background-color:#ffffff;--awb-divider-color:#e0dede;--awb-divider-hover-color:#e0dede;--awb-icon-color:#386aaf;--awb-title-color:#333333;--awb-content-color:#747474;--awb-icon-box-color:#333333;--awb-toggle-hover-accent-color:#386aaf;--awb-title-font-family:&quot;Open Sans&quot;;--awb-title-font-weight:700;--awb-title-font-style:normal;--awb-title-font-size:18px;--awb-title-letter-spacing:0px;--awb-title-line-height:1.67;--awb-content-font-family:&quot;Open Sans&quot;;--awb-content-font-style:normal;--awb-content-font-weight:400;\"><div class=\"panel-group fusion-toggle-icon-unboxed\" id=\"accordion-2461-1\"><div class=\"fusion-panel panel-default panel-321aebf986d998fe3 fusion-toggle-no-divider fusion-toggle-boxed-mode\"><div class=\"panel-heading\"><h4 class=\"panel-title toggle\" id=\"toggle_321aebf986d998fe3\"><a aria-expanded=\"false\" aria-controls=\"321aebf986d998fe3\" role=\"button\" data-toggle=\"collapse\" data-parent=\"#accordion-2461-1\" data-target=\"#321aebf986d998fe3\" href=\"#321aebf986d998fe3\"><span class=\"fusion-toggle-icon-wrapper\" aria-hidden=\"true\"><i class=\"fa-fusion-box active-icon awb-icon-minus\" aria-hidden=\"true\"><\/i><i class=\"fa-fusion-box inactive-icon awb-icon-plus\" aria-hidden=\"true\"><\/i><\/span><span class=\"fusion-toggle-heading\">COMPETITION FOR ADMISSION TO DOCTORAL STUDIES FOR THE 2026 \u2013 2027 ACADEMIC YEAR <\/span><\/a><\/h4><\/div><div id=\"321aebf986d998fe3\" class=\"panel-collapse collapse \" aria-labelledby=\"toggle_321aebf986d998fe3\"><div class=\"panel-body toggle-content fusion-clearfix\">\n<h3 class=\"wp-block-heading\"><a href=\"https:\/\/doctorat.ase.ro\/en\/admission\/july-session\/\" target=\"_blank\" rel=\"noreferrer noopener\">July Admission Session 2026-2027<\/a><\/h3>\n<h3 class=\"wp-block-heading\"><a href=\"https:\/\/doctorat.ase.ro\/en\/admission\/september-session\/\" target=\"_blank\" rel=\"noreferrer noopener\">September Admission Session 2026-2027<\/a><\/h3>\n<p>&nbsp; &nbsp;<\/p>\n<\/div><\/div><\/div><\/div><\/div><\/div><\/div><\/div><\/div><div class=\"fusion-fullwidth fullwidth-box fusion-builder-row-3 fusion-flex-container nonhundred-percent-fullwidth non-hundred-percent-height-scrolling\" style=\"--awb-border-radius-top-left:0px;--awb-border-radius-top-right:0px;--awb-border-radius-bottom-right:0px;--awb-border-radius-bottom-left:0px;--awb-flex-wrap:wrap;\" ><div class=\"fusion-builder-row fusion-row fusion-flex-align-items-flex-start fusion-flex-content-wrap\" style=\"max-width:1331.2px;margin-left: calc(-4% \/ 2 );margin-right: calc(-4% \/ 2 );\"><div class=\"fusion-layout-column fusion_builder_column fusion-builder-column-3 fusion_builder_column_1_1 1_1 fusion-flex-column\" style=\"--awb-bg-size:cover;--awb-width-large:100%;--awb-margin-top-large:10px;--awb-spacing-right-large:1.92%;--awb-margin-bottom-large:10px;--awb-spacing-left-large:1.92%;--awb-width-medium:100%;--awb-order-medium:0;--awb-spacing-right-medium:1.92%;--awb-spacing-left-medium:1.92%;--awb-width-small:100%;--awb-order-small:0;--awb-spacing-right-small:1.92%;--awb-spacing-left-small:1.92%;\"><div class=\"fusion-column-wrapper fusion-column-has-shadow fusion-flex-justify-content-flex-start fusion-content-layout-column\"><ul style=\"--awb-iconcolor:#386aaf;--awb-line-height:23.8px;--awb-icon-width:23.8px;--awb-icon-height:23.8px;--awb-icon-margin:9.8px;--awb-content-margin:33.6px;\" class=\"fusion-checklist fusion-checklist-1 fusion-checklist-default type-icons\"><li class=\"fusion-li-item\" style=\"\"><span class=\"icon-wrapper circle-no\"><i class=\"fusion-li-icon fa-landmark fas\" aria-hidden=\"true\"><\/i><\/span><div class=\"fusion-li-item-content\">\n<p>Office for International Cooperation &amp; International Students<\/p>\n<\/div><\/li><li class=\"fusion-li-item\" style=\"\"><span class=\"icon-wrapper circle-no\"><i class=\"fusion-li-icon fa-envelope fas\" aria-hidden=\"true\"><\/i><\/span><div class=\"fusion-li-item-content\">\n<p>dosarerompret@ase.ro<\/p>\n<\/div><\/li><li class=\"fusion-li-item\" style=\"\"><span class=\"icon-wrapper circle-no\"><i class=\"fusion-li-icon fa-phone fas\" aria-hidden=\"true\"><\/i><\/span><div class=\"fusion-li-item-content\">\n<p><a href=\"tel:(+4)%20021%20319%2019%2084\">+40 213 19 19 84<\/a> \/ fax: +40 213 19 20 23<\/p>\n<\/div><\/li><li class=\"fusion-li-item\" style=\"\"><span class=\"icon-wrapper circle-no\"><i class=\"fusion-li-icon fa-map-marker-alt fas\" aria-hidden=\"true\"><\/i><\/span><div class=\"fusion-li-item-content\">\n<p>Pia\u021ba Roman\u0103 no. 8, N.D. Xenopol Building, Ground floor (entrance from Dacia Blvd.)<\/p>\n<\/div><\/li><li class=\"fusion-li-item\" style=\"\"><span class=\"icon-wrapper circle-no\"><i class=\"fusion-li-icon fa-clock fas\" aria-hidden=\"true\"><\/i><\/span><div class=\"fusion-li-item-content\">\n<p>Monday to Thursday 09:00 \u2013 16:00 \/ Friday 09:00 \u2013 13:00<\/p>\n<\/div><\/li><\/ul><\/div><\/div><\/div><\/div><\/p>\n","protected":false},"excerpt":{"rendered":"","protected":false},"author":1,"featured_media":0,"parent":0,"menu_order":0,"comment_status":"closed","ping_status":"closed","template":"","meta":{"footnotes":""},"class_list":["post-2461","page","type-page","status-publish","hentry"],"_links":{"self":[{"href":"https:\/\/international.ase.ro\/21\/wp-json\/wp\/v2\/pages\/2461","targetHints":{"allow":["GET"]}}],"collection":[{"href":"https:\/\/international.ase.ro\/21\/wp-json\/wp\/v2\/pages"}],"about":[{"href":"https:\/\/international.ase.ro\/21\/wp-json\/wp\/v2\/types\/page"}],"author":[{"embeddable":true,"href":"https:\/\/international.ase.ro\/21\/wp-json\/wp\/v2\/users\/1"}],"replies":[{"embeddable":true,"href":"https:\/\/international.ase.ro\/21\/wp-json\/wp\/v2\/comments?post=2461"}],"version-history":[{"count":14,"href":"https:\/\/international.ase.ro\/21\/wp-json\/wp\/v2\/pages\/2461\/revisions"}],"predecessor-version":[{"id":10644,"href":"https:\/\/international.ase.ro\/21\/wp-json\/wp\/v2\/pages\/2461\/revisions\/10644"}],"wp:attachment":[{"href":"https:\/\/international.ase.ro\/21\/wp-json\/wp\/v2\/media?parent=2461"}],"curies":[{"name":"wp","href":"https:\/\/api.w.org\/{rel}","templated":true}]}}